{"id":235,"date":"2025-01-04T17:30:32","date_gmt":"2025-01-04T17:30:32","guid":{"rendered":"https:\/\/amuletofilme.com.br\/?page_id=235"},"modified":"2025-04-28T20:10:34","modified_gmt":"2025-04-28T20:10:34","slug":"ficha-tecnica","status":"publish","type":"page","link":"https:\/\/amuletofilme.com.br\/site\/ficha-tecnica\/","title":{"rendered":"Ficha T\u00e9cnica"},"content":{"rendered":"<p><img loading=\"lazy\" decoding=\"async\" width=\"626\" height=\"115\" src=\"https:\/\/amuletofilme.com.br\/site\/wp-content\/uploads\/2025\/01\/Ficha-tecnica.svg\" alt=\"\" \/>\t\t\t\t\t\t\t\t\t\t\t\t\t\t\t<\/p>\n<p><strong>Entrevistados<br \/><\/strong>Chico Santos (in memorian)<br \/>Erley Jos\u00e9 (in memorian)<br \/>Emmanuel Cavalcanti (in memorian)<br \/>Nelson Pereira dos Santos (in memorian)<br \/>Jos\u00e9 Cavalcante (Z\u00e9 Tiroteio)<br \/>Severino Dad\u00e1<br \/>Angela Santos<br \/>Rui Santos<br \/>Fl\u00e1via Daiana Santos<br \/>Eldemar de Souza<br \/>Marlucia Santos de Souza<br \/>Jean-Claude Bernardet<br \/>Tizuka Yamasaki<br \/>Tonico Pereira<br \/>Ant\u00f4nio Urano<br \/>Jards Macal\u00e9<br \/>Luiz Carlos Lacerda (Bigode)<br \/>Ney Sant&#8217;Anna<\/p>\n<p><strong>Participa\u00e7\u00e3o Especial<br \/><\/strong>Ednaldo Santos como Cantador<\/p>\n<p><strong>Dire\u00e7\u00e3o<\/strong><br \/>Heraldo HB<br \/>Igor Barradas<\/p>\n<p><strong>Roteiro<\/strong><br \/>Heraldo HB<br \/>Igor Barradas<br \/>Luisa Godoy Pitanga<\/p>\n<p><strong>Produ\u00e7\u00e3o Circular Filmes<\/strong><br \/>Sabrina Bitencourt<br \/>Igor Barradas<\/p>\n<p><strong>Produ\u00e7\u00e3o Executiva<\/strong><br \/>Giordana Moreira<br \/>Sabrina Bitencourt<\/p>\n<p><strong>Dire\u00e7\u00e3o de Produ\u00e7\u00e3o e Produ\u00e7\u00e3o de Finaliza\u00e7\u00e3o<\/strong><br \/>Aurora Eyer<\/p>\n<p><strong>Pesquisa<\/strong><br \/>Chico Serra<br \/>Heraldo HB<br \/>Igor Barradas<br \/>Luisa Godoy Pitanga<br \/>Mesa de Bar Filmes e Produ\u00e7\u00f5es<\/p>\n<p><strong>Dire\u00e7\u00e3o de Fotografia<\/strong><br \/>Igor Cabral<\/p>\n<p><strong>C\u00e2meras<\/strong><br \/>Jorge Bernardo<br \/>Josenstein<br \/>Pablo Souza<br \/>Rafael Mazza<\/p>\n<p><strong>Som direto<\/strong><br \/>Victor Tigronez<\/p>\n<p><strong>Microfonista<\/strong><br \/>Pedro Dedron<\/p>\n<p><strong>Som adicional<\/strong><br \/>Marina D&#8217;\u00c1vila<br \/>Anne Santos<br \/>Pedro Moreira<\/p>\n<p><strong>Figurinista<\/strong><br \/>Gabriella Marra<\/p>\n<p><strong>Dire\u00e7\u00e3o Musical<\/strong><br \/>Ricardo Mansur<\/p>\n<p><strong>Trilha Sonora Original<\/strong><br \/>Orkestra Popular Barrac\u00e3o<br \/>Rodrigo Cavalcanti<\/p>\n<p><strong>Montagem <\/strong><br \/>Josenstein<br \/>Igor Barradas<\/p>\n<p><strong>Assistente de Montagem<\/strong><br \/>B\u00e1rbara Daniel<br \/>Higor Cabral<\/p>\n<p><strong>Colorista<\/strong><br \/>Rafael Mazza<\/p>\n<p><strong>Edi\u00e7\u00e3o e Mixagem de Som<\/strong><br \/>Ricardo Mansur<\/p>\n<p><strong>Identidade visual<\/strong><br \/>Designlinhadas<\/p>\n<p><strong>Designer Gr\u00e1fico e Motion<\/strong><br \/>Misa Gon\u00e7alo<\/p>\n<p><strong>Assistente de dire\u00e7\u00e3o<\/strong><br \/>Ludmila Curi<\/p>\n<p><strong>Coordenadora de P\u00f3s-Produ\u00e7\u00e3o<\/strong><br \/>Muriel Alves<\/p>\n<p><strong>Assistentes de produ\u00e7\u00e3o<\/strong><br \/>Samuel Lobo<br \/>Wallace Damasceno<br \/>Sass\u00e1 Souza<br \/>Marcelo Lima<br \/>Bia Pimenta<br \/>Geo Abreu<br \/>Chico Serra<br \/>\u00cdsis Perdig\u00e3o<br \/>Lu Brasil<br \/>Cavi Borges<\/p>\n<p><strong>AC\/ Logger<\/strong><br \/>Josenstein<\/p>\n<p><strong>Estagi\u00e1rio de pesquisa<\/strong><br \/>Jo\u00e3o Pedro Santana<\/p>\n<p><strong>Assistente de Produ\u00e7\u00e3o Executiva<\/strong><br \/>Mirella Amorim<\/p>\n<p><b>Assessoria Cont\u00e1bil<\/b><br \/>Magna Castro<\/p>\n<p><strong>Assessoria Jur\u00eddica<br \/><\/strong>Patricia Valverde<\/p>\n<p><strong>Controller<br \/><\/strong>Giordana Moreira<\/p>\n<p><strong>Gaffer<\/strong><br \/>Joubert Freitas<\/p>\n<p><strong>Assistente de El\u00e9trica<\/strong><br \/>Cristian Nobre<\/p>\n<p><strong>Motorista Carro de Produ\u00e7\u00e3o<\/strong><br \/>Luiz Fares<br \/>Elaine Martins<br \/>Jess\u00e9 Cabral<\/p>\n<p><strong>Motorista Van de Equipe<\/strong><br \/>Marcos Garcia<\/p>\n<p><strong>Motorista Transfer<\/strong><br \/>Rodrigo de Oliveira<\/p>\n<p><strong>Catering<\/strong><br \/>Luiz Fares<br \/>Ana Paula Gualberto<br \/>Claudia Pereira<\/p>\n<p><strong>Pipoqueiro<\/strong><br \/>Jess\u00e9 Cabral<\/p>\n<p><strong>Seguran\u00e7a<\/strong><br \/>Body Guard<\/p>\n<p><b>Montagem V\u00eddeo Contrapartidas<br \/><\/b>Levi Meirelles<\/p>\n<p><b>Digitaliza\u00e7\u00e3o de Acervo Audiovisual<br \/><\/b>Funda\u00e7\u00e3o Euclides da Cunha (Laborat\u00f3rio UFF)<br \/>Trevo de Quatro Folhas Entretenimento<\/p>\n<p><strong>Site<\/strong><br \/>Andrea Soares<br \/>Coletiva Delas Produ\u00e7\u00f5es Art\u00edsticas<\/p>\n<p><strong>Audiodescri\u00e7\u00e3o, Libras e Tradu\u00e7\u00e3o<\/strong><br \/>Rangel Produ\u00e7\u00f5es<\/p>\n<p><b>Legendas<br \/><\/b>Misa Gon\u00e7alo<\/p>\n<p><strong>Imagens de Arquivo<\/strong><br \/>Entrevista de Chico Santos para Rog\u00e9rio Torres (2005)<br \/>O Amuleto de Ogum (1974) &#8211; dire\u00e7\u00e3o Nelson Pereira dos Santos, licenciado por Regina Filmes<br \/>O Homem da Capa Preta (1986) &#8211; dire\u00e7\u00e3o S\u00e9rgio Rezende<br \/>Cinema Novo (1967) &#8211; dire\u00e7\u00e3o Joaquim Pedro de Andrade<br \/>Copacabana me Engana (1968) &#8211; dire\u00e7\u00e3o Antonio Carlos da Fontoura<br \/>Tio Ulisses (1978) &#8211; Programa SRTV<br \/>Cangaceiro da Moviola (2022) &#8211; dire\u00e7\u00e3o Lu\u00eds Rocha Melo<\/p>\n<p><strong>Acervos utilizados<\/strong><br \/>Instituto Hist\u00f3rico de Duque de Caxias<br \/>Museu Vivo do S\u00e3o Bento<br \/>CTAV<br \/>Cinemateca do MAM<br \/>Arquivo Nacional<br \/>Biblioteca Nacional<br \/>Fam\u00edlia Chico Santos<br \/>Regina Filmes<br \/>Cin\u00e9dia<br \/>Morena Filmes<\/p>\n<p><strong>Agradecimentos<\/strong><br \/>Rog\u00e9rio Torres<br \/>Hernani Heffner<br \/>Jos\u00e9 Quental<br \/>Pai Jos\u00e9 Carlos<br \/>M\u00e3e \u00c2ngela<br \/>M\u00e3e Claudia<br \/>Francisco Dam\u00e1sio &#8211; TV Olho (in memorian)<br \/>Wallace Damasceno<br \/>Diogo Dahl<br \/>Cavi Borges<br \/>Marlucia Santos de Souza<br \/>Tania Amaro<br \/>Ant\u00f4nio Augusto Braz<br \/>Carlos D<br \/>Muriel Alves<br \/>Fl\u00e1via Daiana<br \/>\u00c2ngela Santos<br \/>Rui Santos<br \/>S\u00e9rgio Rezende<br \/>Antonio Carlos da Fontoura<br \/>Emanoel Freitas<br \/>Jaqueline Pacheco Olimpio<br \/>Ramon (Faetec)<br \/>Ant\u00f4nio de Andrade<br \/>Ana Rosa Tendler<br \/>Remier Lion<br \/>Nat\u00e1lia de Castro<br \/>Mariana Neuman<br \/>Rafael de Luna<br \/>Andr\u00e9 Sampaio<br \/>Severino Dad\u00e1<br \/>Julhia Quadros<br \/>Lu\u00eds Abramo<br \/>Joelma Ismael (Cedoc Funarte<br \/>Irmandade Umbandista Luz de Aruanda (IULA)<br \/>Escola Municipal Expedicion\u00e1rio Aquino de Ara\u00fajo<br \/>Fundec<br \/>Cinemateca do MAM<br \/>Instituto Hist\u00f3rico de Duque de Caxias<br \/>Museu Vivo do S\u00e3o Bento<br \/>CTAV<br \/>Secretaria de Educa\u00e7\u00e3o de Duque de Caxias<br \/>Gomeia Galp\u00e3o Criativo<br \/>Bar do Z\u00e9 Lu\u00eds<br \/>Bar Escadinha &#8211; Cinel\u00e2ndia<br \/>Bar Folclore (saudade!)<br \/>Mercado Municipal de Caxias<br \/>Supervia<br \/>Teatro Raul Cortez<br \/>Parque de Divers\u00e3o Baril\u00e2ndia (a lenda do Lote XV)<\/p>\n<p>site: <a href=\"http:\/\/www.amuletofilme.com.br\/\">www.amuletofilme.com.br<\/a><\/p>\n<p>#BaixadaFilma<\/p>\n<p>Duque de Caxias, RJ, 2025<\/p>\n","protected":false},"excerpt":{"rendered":"<p>EntrevistadosChico Santos (in memorian)Erley Jos\u00e9 (in memorian)Emmanuel Cavalcanti (in memorian)Nelson Pereira dos Santos (in memorian)Jos\u00e9 Cavalcante (Z\u00e9 Tiroteio)Severino Dad\u00e1Angela SantosRui SantosFl\u00e1via Daiana SantosEldemar de SouzaMarlucia Santos de SouzaJean-Claude BernardetTizuka YamasakiTonico PereiraAnt\u00f4nio UranoJards Macal\u00e9Luiz Carlos Lacerda (Bigode)Ney Sant&#8217;Anna Participa\u00e7\u00e3o EspecialEdnaldo Santos como Cantador Dire\u00e7\u00e3oHeraldo HBIgor Barradas RoteiroHeraldo HBIgor BarradasLuisa Godoy Pitanga Produ\u00e7\u00e3o Circular FilmesSabrina BitencourtIgor Barradas [&hellip;]<\/p>\n","protected":false},"author":1,"featured_media":0,"parent":0,"menu_order":0,"comment_status":"closed","ping_status":"closed","template":"elementor_header_footer","meta":{"inline_featured_image":false,"footnotes":""},"class_list":["post-235","page","type-page","status-publish","hentry"],"_links":{"self":[{"href":"https:\/\/amuletofilme.com.br\/site\/wp-json\/wp\/v2\/pages\/235","targetHints":{"allow":["GET"]}}],"collection":[{"href":"https:\/\/amuletofilme.com.br\/site\/wp-json\/wp\/v2\/pages"}],"about":[{"href":"https:\/\/amuletofilme.com.br\/site\/wp-json\/wp\/v2\/types\/page"}],"author":[{"embeddable":true,"href":"https:\/\/amuletofilme.com.br\/site\/wp-json\/wp\/v2\/users\/1"}],"replies":[{"embeddable":true,"href":"https:\/\/amuletofilme.com.br\/site\/wp-json\/wp\/v2\/comments?post=235"}],"version-history":[{"count":31,"href":"https:\/\/amuletofilme.com.br\/site\/wp-json\/wp\/v2\/pages\/235\/revisions"}],"predecessor-version":[{"id":469,"href":"https:\/\/amuletofilme.com.br\/site\/wp-json\/wp\/v2\/pages\/235\/revisions\/469"}],"wp:attachment":[{"href":"https:\/\/amuletofilme.com.br\/site\/wp-json\/wp\/v2\/media?parent=235"}],"curies":[{"name":"wp","href":"https:\/\/api.w.org\/{rel}","templated":true}]}}