{"id":225,"date":"2025-01-03T18:52:55","date_gmt":"2025-01-03T18:52:55","guid":{"rendered":"https:\/\/amuletofilme.com.br\/?page_id=225"},"modified":"2025-03-24T14:54:57","modified_gmt":"2025-03-24T14:54:57","slug":"sobre","status":"publish","type":"page","link":"https:\/\/amuletofilme.com.br\/site\/sobre\/","title":{"rendered":"Sobre"},"content":{"rendered":"<p><img loading=\"lazy\" decoding=\"async\" width=\"250\" height=\"115\" src=\"https:\/\/amuletofilme.com.br\/wp-content\/uploads\/2025\/01\/Sobre-o-filme.svg\" alt=\"\" \/>\t\t\t\t\t\t\t\t\t\t\t\t\t\t\t<\/p>\n<p>Anos 1970, durante a ditadura militar no Brasil, Chico Santos, cineasta de Duque de Caxias, sonha em produzir filmes inspirados nas hist\u00f3rias de banditismo da cidade onde mora. Um dia, ele conhece o renomado cineasta Nelson Pereira dos Santos, que se interessa por um de seus roteiros. Cerca de um ano depois, uma equipe extremamente heterog\u00eanea, formada pelas diferentes tribos da \u00e9poca chega a Caxias. De um lado jovens hippies de classe m\u00e9dia engajados na luta contra a ditadura, do outro, trabalhadores do audiovisual oriundos das classes populares, entre eles o pr\u00f3prio Francisco.\u00a0\u00a0\u00a0\u00a0<\/p>\n<p>Em 1975 \u00e9 lan\u00e7ado \u201cO Amuleto de Ogum\u201d, um faroeste urbano com toques m\u00edsticos, que se tornou um marco no cinema brasileiro e na hist\u00f3ria de Caxias.\u00a0 O protagonista, um jovem pistoleiro, tem o \u201ccorpo fechado\u201d devido a um amuleto recebido em um ritual de umbanda.\u00a0<\/p>\n<p>Apesar da tem\u00e1tica popular e de uma estreia arrebatadora no Cine Paz em Caxias, o filme n\u00e3o chegou \u00e0s salas de cinema da Baixada Fluminense na \u00e9poca.<\/p>\n<p>Anos 2000, uma dupla de cineastas de Duque de Caxias decide resgatar essa hist\u00f3ria e empreende uma busca, 50 anos depois, pelos membros da equipe e do elenco e pelos descendentes de Chico Santos. Revisitando as loca\u00e7\u00f5es reais do filme, promovendo sess\u00f5es de O Amuleto de Ogum para o p\u00fablico atual e mergulhando em uma vasta pesquisa de imagens, sons e jornais da \u00e9poca, Amuleto nos leva de volta ao que foram aqueles dias.<\/p>\n<p>Os diretores de Amuleto, Heraldo HB e Igor Barradas nasceram e cresceram em Duque de Caxias (RJ), regi\u00e3o da Baixada Fluminense e est\u00e3o profundamente envolvidos com o ativismo cultural da regi\u00e3o e sua hist\u00f3ria. Eles pesquisam o cinema e os cineastas de Duque de Caxias h\u00e1 cerca de 20 anos e por meio deste engajamento, localizaram personagens fundamentais para o document\u00e1rio Amuleto. Parte destes personagens registrados pelo filme faleceram ao longo dos anos de filmagens, sendo este seu \u00faltimo ou \u00fanico registro audiovisual contando a hist\u00f3ria das filmagens de O Amuleto de Ogum. Realizado durante a ditadura militar, o filme \u00e9 um marco para a cinematografia brasileira.\u00a0 Ao mesmo tempo, a equipe central de cria\u00e7\u00e3o, formada pelos diretores, produtora, roteirista e montador, vem desenvolvendo em Duque de Caxias um cineclube chamado \u201cMate com Angu\u201d, onde s\u00e3o exibidos e produzidos curtas-metragens alternativos, al\u00e9m de oferecidas oficinas de cinema para o p\u00fablico local, regional e nacional. O projeto mais recente do coletivo audiovisual \u00e9 a Escola Livre de Artes da Baixada Fluminense, forma\u00e7\u00e3o curta em cinema realizada em parceria com o Gomeia Galp\u00e3o Criativo.\u00a0<\/p>\n<p>\t\t\t\t\t<a href=\"https:\/\/www.youtube.com\/watch?v=xVXa0vFfwcQ&#038;t=1s\" target=\"_blank\"><br \/>\n\t\t\t\t\t\t\t\t\tAssista o Trailler<br \/>\n\t\t\t\t\t<\/a><br \/>\n\t\t\t\t\t<a href=\"https:\/\/amuletofilme.com.br\/extras\/\"><br \/>\n\t\t\t\t\t\t\t\t\tExtras e Acervo<br \/>\n\t\t\t\t\t<\/a><\/p>\n","protected":false},"excerpt":{"rendered":"<p>Anos 1970, durante a ditadura militar no Brasil, Chico Santos, cineasta de Duque de Caxias, sonha em produzir filmes inspirados nas hist\u00f3rias de banditismo da cidade onde mora. Um dia, ele conhece o renomado cineasta Nelson Pereira dos Santos, que se interessa por um de seus roteiros. Cerca de um ano depois, uma equipe extremamente [&hellip;]<\/p>\n","protected":false},"author":1,"featured_media":0,"parent":0,"menu_order":0,"comment_status":"closed","ping_status":"closed","template":"elementor_header_footer","meta":{"inline_featured_image":false,"footnotes":""},"class_list":["post-225","page","type-page","status-publish","hentry"],"_links":{"self":[{"href":"https:\/\/amuletofilme.com.br\/site\/wp-json\/wp\/v2\/pages\/225","targetHints":{"allow":["GET"]}}],"collection":[{"href":"https:\/\/amuletofilme.com.br\/site\/wp-json\/wp\/v2\/pages"}],"about":[{"href":"https:\/\/amuletofilme.com.br\/site\/wp-json\/wp\/v2\/types\/page"}],"author":[{"embeddable":true,"href":"https:\/\/amuletofilme.com.br\/site\/wp-json\/wp\/v2\/users\/1"}],"replies":[{"embeddable":true,"href":"https:\/\/amuletofilme.com.br\/site\/wp-json\/wp\/v2\/comments?post=225"}],"version-history":[{"count":28,"href":"https:\/\/amuletofilme.com.br\/site\/wp-json\/wp\/v2\/pages\/225\/revisions"}],"predecessor-version":[{"id":420,"href":"https:\/\/amuletofilme.com.br\/site\/wp-json\/wp\/v2\/pages\/225\/revisions\/420"}],"wp:attachment":[{"href":"https:\/\/amuletofilme.com.br\/site\/wp-json\/wp\/v2\/media?parent=225"}],"curies":[{"name":"wp","href":"https:\/\/api.w.org\/{rel}","templated":true}]}}